{"id":3,"date":"2021-10-10T18:08:51","date_gmt":"2021-10-10T16:08:51","guid":{"rendered":"http:\/\/wp.holterservice.eu\/?page_id=3"},"modified":"2024-12-09T12:52:56","modified_gmt":"2024-12-09T11:52:56","slug":"pravila-privatnosti","status":"publish","type":"page","link":"https:\/\/holterservice.eu\/?page_id=3","title":{"rendered":"Pravila privatnosti"},"content":{"rendered":"\n    \n    <section class=\"u-clearfix u-section-2\" id=\"sec-af4f\">\n      <div class=\"u-clearfix u-sheet u-sheet-1\">\n        <p class=\"u-text u-text-default u-text-1\">\n          <span style=\"font-weight: 700; font-size: 1.875rem;\"> Uvjeti kori\u0161tenja i izjava o za\u0161titi\npodataka&nbsp;<\/span>\n          <br>\n          <br>Prigodom kori\u0161tenja\nove internet stranica sa domene holterservice.eu, Poliklinika dr. Obad mo\u017ee\npohraniti odre\u0111ene informacije putem kola\u010di\u0107a (\u201dcookie\u201d) na ra\u010dunalo korisnika\ni time omogu\u0107ava Internet stranici da Vam prika\u017ee informacije koje su\nprilago\u0111ene Va\u0161im potrebama. Ovaj dokument pru\u017ea detaljne informacije o uporabi\nkola\u010di\u0107a i sli\u010dnih tehnologija, metodama upravljanja kola\u010di\u0107ima te kako se\nkoriste unutar&nbsp;internet stranica&nbsp; &nbsp;holterservice.eu domene.&nbsp;<br>\n          <br><b>&nbsp;<span style=\"font-size: 1.25rem;\">\u0160to je to kola\u010di\u0107\n(cookie)?<\/span><\/b>\n          <br>Kola\u010di\u0107\n(cookie)&nbsp;je mala datoteka koja se sprema na korisni\u010dko ra\u010dunalo u trenutku\nkad pristupite odre\u0111enim internet stranicama. Kola\u010di\u0107i omogu\u0107avaju internetskoj\nstranici prepoznavanje interesa korisnika prema onome \u0161to je korisnik prilikom\npovratka na stranicu odabirao. Kola\u010di\u0107 sam po sebi ne sadr\u017ei niti ne prikuplja\npodatke. Me\u0111utim, kad ga poslu\u017eitelj pripremi u kombinaciji s internetskim\npreglednikom, on mo\u017ee pomo\u0107i internetskoj stranici da isporu\u010di korisniku\nciljano prilago\u0111enu uslugu \u2013 primjerice, pam\u0107enjem prethodnih kupovina ili\npojedinosti o ra\u010dunu. Kola\u010di\u0107i se nalaze u memoriji Va\u0161eg preglednika i svaki\nobi\u010dno sadr\u017ei podatke kao \u0161to su npr. naziv poslu\u017eitelja s kojeg je kola\u010di\u0107\nposlan, vijek trajanja kola\u010di\u0107a i vrijednost (obi\u010dno slu\u010dajno generiran\njedinstveni broj).&nbsp;<br>\n          <br><b>&nbsp;<span style=\"font-size: 1.25rem;\">Kako mo\u017eete\nonemogu\u0107iti kola\u010di\u0107e?<\/span><\/b>\n          <br>Ukoliko to \u017eelite,\nmo\u017eete onemogu\u0107iti spremanje kola\u010di\u0107a na Va\u0161e ra\u010dunalo, no blokiranje svih\nkola\u010di\u0107a moglo bi imati negativan u\u010dinak na kori\u0161tenje mnogih internet\nstranica, pa tako i stranica sa domene holterservice.eu. Postavke kola\u010di\u0107a mogu\nse kontrolirati i konfigurirati u Va\u0161em internet pregledniku. \u017delite li\nizbrisati ili onemogu\u0107iti kola\u010di\u0107e na svojem ra\u010dunalu potrebno je a\u017eurirati\npostavke svojeg internet preglednika (informacije o na\u010dinu brisanja i\nonemogu\u0107avanja kola\u010di\u0107a potra\u017eite na svojem internet pregledniku odabirom\nizbornika za pomo\u0107).&nbsp;<br>\n          <br>&nbsp;<span style=\"font-weight: 700; font-size: 1.875rem;\">Politika privatnosti na internetu<\/span>\n          <span style=\"font-size: 1.875rem;\">&nbsp;<\/span>\n          <br>\n          <br>Politikom privatnosti\nna internetu Poliklinika dr. Obad \u0161titi privatnost svojih pacijenata i iskazuje\nbrigu za njihove osobne podatke tragom Op\u0107e EU uredbe o za\u0161titi podatka\n2016\/679\/EZ (u daljnjem tekstu: Uredba) i Zakona o provo\u0111enju Op\u0107e uredbe o\nza\u0161titi podataka NN 42\/2018. \nPolitikom privatnosti\nna internetu Poliklinika dr. Obad u nastavku transparentno i javno objavljuje\nna\u010dine na koje obrade osobnih podataka provodi isklju\u010divo prema na\u010delima\nUredbe.<br>\n          <br>&nbsp;<span style=\"font-weight: 700; font-size: 1.875rem;\">Izjava o privatnosti i sigurnosti\npodataka<\/span>\n          <br>\n          <br>Ova <b>Izjava o\nprivatnosti<\/b> odnosi se na povjerljivost osobnih podataka koji su prikupljeni\nu procesu kori\u0161tenja Internet stranica sa domene holterservice.eu, odnosno u\nprocesu prijave Korisnika i\/ili primatelja obavijesti o novostima i akcijama sa\nadrese holterservice.eu (prijava za primanje newslettera). Poliklinika dr. Obad\nkao pru\u017eatelj usluga Internetske stranice sa domene holterservice.eu pridr\u017eava\nse va\u017ee\u0107ih propisa sa ciljem za\u0161tite privatnosti svojih Korisnika, a posebice\nOp\u0107e uredbe o za\u0161titi osobnih podataka EU. Svi djelatnici Poliklinika dr. Obad odgovorni\nsu za po\u0161tivanje na\u010dela za\u0161tite podataka.&nbsp;<br>\n          <br><b>&nbsp;&nbsp;<span style=\"font-size: 1.25rem;\">Osobni podaci:<\/span><\/b>\n          <span style=\"font-size: 1.25rem;\">&nbsp;<\/span>\n          <br>Prema Uredbi, osobni\npodaci su&nbsp;svi podaci koji se odnose na pojedinca \u010diji je identitet utvr\u0111en\nili se mo\u017ee utvrditi (\u201eispitanik\u201d), a pojedinac ili ispitanik kako ga zove\nUredba, \u010diji se identitet mo\u017ee utvrditi jest osoba koja se mo\u017ee identificirati\nizravno ili neizravno.<br>&nbsp;&nbsp;<b>Obrada:<\/b>&nbsp;<br>Prema Uredbi,\nobrada&nbsp;obuhva\u0107a svaki postupak ili skup postupaka koji se obavljaju na\nosobnim podacima ili na skupovima osobnih podataka, bilo automatiziranim bilo\nneautomatiziranim sredstvima kao \u0161to su prikupljanje, bilje\u017eenje, organizacija,\nstrukturiranje, pohrana, prilagodba ili izmjena, pronala\u017eenje, obavljanje\nuvida, uporaba, otkrivanje prijenosom, \u0161irenjem ili stavljanjem na raspolaganje\nna drugi na\u010din, uskla\u0111ivanje ili kombiniranje, ograni\u010davanje, brisanje ili\nuni\u0161tavanje.&nbsp;<br><b>&nbsp; Prikupljanje\npodataka:<\/b>&nbsp;<br>Poliklinika dr. Obad\nprikuplja isklju\u010divo osobne podatke koje Vi dostavljate svojom voljom. Podaci\nse prikupljaju kroz dostupne web forme za primanje obavijesti (newslettera) ili\nkroz kontakt s na\u0161im zaposlenicima. Podatke prikupljamo u svrhu uspostavljanja\nkontakta te ostale posebno navedene svrhe temeljem Va\u0161e privole. Dio podataka\nprikupljamo automatski putem web kola\u010di\u0107a o \u010demu vi\u0161e mo\u017ee pro\u010ditati u odjeljku\nweb kola\u010di\u0107i.&nbsp;<br><b>&nbsp; Web kola\u010di\u0107i:<\/b>&nbsp;<br>Na na\u0161im stranicama\nkoristimo web kola\u010di\u0107e koji predstavljaju informacije postavljene na osobno\nra\u010dunalo ili mobilni ure\u0111aj u trenutku kada pregledavate internetsku\nstranicu.&nbsp;Svrha im je &nbsp;prilagoditi na\u0161u internetsku stranicu da Vam\npru\u017ei najbolje iskustvo te da Vam poslu\u017ei kao u\u010dinkovit izvor potrebnih\ninformacija.&nbsp;<br><b>&nbsp; \u010cuvanje i za\u0161tita:<\/b>&nbsp;<br>Osobni podaci bit \u0107e\npohranjeni i obra\u0111ivani sukladno Uredbi. &nbsp;Poliklinika dr. Obad\nkontinuirano poduzima sve razumne tehni\u010dke i organizacijske mjere za o\u010duvanje\nsigurnosti Va\u0161ih podataka te isto tra\u017eimo i od svih vanjskih izvr\u0161itelja.\nPristup Va\u0161im osobnim podacima je ograni\u010den kako bi se sprije\u010dio neovla\u0161teni\npristup, izmjena ili zlouporaba.&nbsp;<br>\n          <br><b>&nbsp;&nbsp;<span style=\"font-size: 1.875rem;\">Va\u0161a prava:<\/span><\/b>\n          <span style=\"font-size: 1.25rem;\">&nbsp;<\/span>\n          <br>Mi Vam osiguravamo\nuvjete kako biste \u2013 odlu\u010divali o&nbsp;obradi va\u0161ih osobnih podataka. Prije\nsvega vam omogu\u0107ujemo slijede\u0107a prava:<br>\n          <br><b>&nbsp; Pravo na pristup podacima<\/b>\n          <br> Imate pravo zatra\u017eiti\npotvrdu o&nbsp;tome obra\u0111ujemo li va\u0161e podatke te ako da, dobiti pristup do tih\npodataka. U&nbsp;slu\u010daju da obra\u0111ujemo ve\u0107u koli\u010dinu podataka koji se odnose na\nvas, mo\u017eemo od vas tra\u017eiti specifikaciju va\u0161eg zahtjeva za dostavom pojedinih\nkonkretnih skupina podataka koje o&nbsp;vama obra\u0111ujemo.&nbsp;<br><b>&nbsp; Pravo na ispravak<\/b>\n          <br> U&nbsp;slu\u010daju da\nuo\u010dite da o&nbsp;vama obra\u0111ujemo neto\u010dne ili nepotpune podatke ili ih \u017eelite\nizmijeniti, imate pravo tra\u017eiti ispravak istih odnosno nadopunu nepotpunih\nosobnih podataka. Kako bismo osigurali da o&nbsp;Vama uvijek obra\u0111ujemo samo\nto\u010dne osobne podatke potrebno je da nam bez odga\u0111anja javite sve njihove\npromjene.&nbsp;<br><b>&nbsp; Pravo na brisanje (\u201epravo na zaborav\u201d)<\/b>\n          <br> Brisanje osobnih\npodataka mo\u017ee se tra\u017eiti primjerice ako ste povukli svoju&nbsp;privolu za\nobradu va\u0161ih pojedinih podataka, kada se va\u0161i osobni podaci nezakonito obra\u0111uju\nili kada va\u0161i podaci vi\u0161e nisu nu\u017eni u odnosu na svrhe za koje su prikupljeni\nili na bilo koji na\u010din obra\u0111eni. Me\u0111utim, molimo vas da uva\u017eite da va\u0161e podatke\nne\u0107emo mo\u0107i izbrisati ako su oni potrebni radi ispunjenja zakonskih obveza,\nugovornih obveza i&nbsp;drugih pravnih temelja iz Op\u0107e uredbe o&nbsp;za\u0161titi\npodataka.&nbsp;<br><b>&nbsp; Pravo na ograni\u010denje obrade<\/b>\n          <br> Imate pravo ishoditi\nograni\u010denje obrade va\u0161ih osobnih podataka, koje se mo\u017ee tra\u017eiti primjerice ako\nste podnijeli prigovor na obradu podataka, sumnjate u&nbsp;to\u010dnost osobnih\npodataka koji se obra\u0111uju ili u zakonitost njihove obrade, no ne \u017eelite da se ti\npodaci izbri\u0161u, ili su vam jo\u0161 potrebni radi ostvarenja pravnih zahtjeva.&nbsp;<br><b>&nbsp; Pravo na prigovor<\/b>\n          <br> U&nbsp;svakom ste\ntrenutku, s&nbsp;obzirom na va\u0161u posebnu situaciju, ovla\u0161teni ulo\u017eiti prigovor\nna obradu osobnih podataka koji se odnose na vas, zbog \u010dega \u0107emo obradu istih\nograni\u010diti. Tako\u0111er, navedene \u0107emo podatke izbrisati i prestati obra\u0111ivati, osim\nako doka\u017eemo da za obradu postoje obrazlo\u017eeni i opravdani pravni temelji za\nzadr\u017eavanje istih. Osim toga, u&nbsp; bilo kojem trenutku imate pravo\nprigovoriti protiv obrade va\u0161ih osobnih podataka u&nbsp;svrhu izravnog\nmarketinga. Nakon podno\u0161enja prigovora Va\u0161i \u0107e se osobni podaci prestati\nobra\u0111ivati u&nbsp;navedenu svrhu.&nbsp;<br><b>&nbsp; Pravo na pritu\u017ebu nadzornom tijelu<\/b>\n          <br> Ako smatrate da je\nobrada Va\u0161ih osobnih podataka u&nbsp;suprotnosti s&nbsp;Op\u0107om uredbom\no&nbsp;za\u0161titi podataka, imate pravo podnijeti prigovor nadle\u017enom nadzornom\ntijelu. Za podru\u010dje Republike Hrvatske nadzorno je tijelo&nbsp;<a href=\"http:\/\/azop.hr\/\" target=\"_blank\" class=\"u-active-none u-border-none u-btn u-button-style u-hover-none u-none u-text-palette-1-base u-btn-1\">Agencija za za\u0161titu osobnih podataka<\/a>,\nsa sjedi\u0161tem na adresi: Marti\u0107eva ulica 14, 10000 Zagreb, Hrvatska, tel.: +385\n1 4609 000.&nbsp;<br><b>&nbsp; Pravo na povla\u010denje privole<\/b>\n          <br> Ako se obrada Va\u0161ih\nosobnih podataka temelji na privoli, imate je pravo u&nbsp;bilo kojem trenutku\npovu\u0107i, bez ikakvih posljedica.&nbsp;<br>\n          <br>Ispunjenje navedenih\nprava mo\u017eete zahtijevati:&nbsp;<br>&nbsp; \u2013 Preporu\u010denim pismom<br>&nbsp; \u2013 Na e-mail adresu:&nbsp;<a href=\"mailto:poliklinika.obad@gmail.com\" class=\"u-active-none u-border-none u-btn u-button-style u-hover-none u-none u-text-palette-1-base u-btn-2\">poliklinika.obad@gmail.com<\/a>&nbsp;<br>&nbsp;&nbsp;<span style=\"font-weight: 700;\">Napomena<\/span>&nbsp;\u2013 pri\npostavljanju zahtjeva nu\u017ena je identifikacija podnositelja zahtjeva \u2013&nbsp; \u0161aljete li nam\nzahtjev pismom ili e-mailom, molimo prilo\u017eite \u010ditljivu kopiju va\u017ee\u0107e osobne\niskaznice, po potrebi i valjanu punomo\u0107\nIdentifikacija je\nnu\u017ena zbog za\u0161tite Vas kao vlasnika svojih osobnih podataka.&nbsp;<br>\n          <br><b>&nbsp; <span style=\"font-size: 1.25rem;\">Izmjena Izjave o\nprivatnosti<\/span><\/b>&nbsp;<br>Ovu <b>Izjavu o\nprivatnosti<\/b>, Poliklinika dr. Obad&nbsp;kao pokreta\u010d I vlasnik domene\nholterservice.eu mo\u017ee izmijeniti u bilo kojem trenutku objavljivanjem\nizmijenjenog teksta Izjave o privatnosti na ovim internet stranicama. Zato Vas\npozivamo&nbsp;da povremeno pregledate ovu Izjavu o privatnosti na kojoj \u0107e biti\nozna\u010dene nove izmjene, ako ih je u prethodnom periodu bilo. Ukoliko se Korisnik\nne sla\u017ee s ovom Izjavom o privatnosti, upu\u0107ujemo Korisnika da napusti te ne\npristupa i ne koristi Internetske stranice sa domene holterservice.eu.&nbsp;<br>Izmjena\nizjave o privatnosti stupa na snagu odmah nakon objave na Internetskoj stranici\ndomene holterservice.eu\nNastavak uporabe\nInternetskih stranica Holterservice.eu&nbsp;nakon stupanja na snagu izmjena,\npodrazumijeva da Korisnik potvr\u0111uje i prihva\u0107a izmijenjenu Izjavu o\nprivatnosti.\n&nbsp;\n        <\/p>\n      <\/div>\n    <\/section>\n    \n    \n    \n    \n  \n","protected":false},"excerpt":{"rendered":"<p>Uvjeti kori\u0161tenja i izjava o za\u0161titi podataka&nbsp; Prigodom kori\u0161tenja ove internet stranica sa domene holterservice.eu, Poliklinika dr. Obad mo\u017ee pohraniti odre\u0111ene informacije putem kola\u010di\u0107a (\u201dcookie\u201d) na ra\u010dunalo korisnika i time omogu\u0107ava Internet stranici da Vam prika\u017ee informacije koje su prilago\u0111ene Va\u0161im potrebama. Ovaj dokument pru\u017ea detaljne informacije o uporabi kola\u010di\u0107a i sli\u010dnih tehnologija, metodama upravljanja &hellip; <a href=\"https:\/\/holterservice.eu\/?page_id=3\" class=\"more-link\">Continue reading<span class=\"screen-reader-text\"> &#8220;Pravila privatnosti&#8221;<\/span><\/a><\/p>\n","protected":false},"author":1,"featured_media":0,"parent":0,"menu_order":0,"comment_status":"closed","ping_status":"closed","template":"","meta":{"footnotes":""},"class_list":["post-3","page","type-page","status-publish","hentry"],"_links":{"self":[{"href":"https:\/\/holterservice.eu\/index.php?rest_route=\/wp\/v2\/pages\/3","targetHints":{"allow":["GET"]}}],"collection":[{"href":"https:\/\/holterservice.eu\/index.php?rest_route=\/wp\/v2\/pages"}],"about":[{"href":"https:\/\/holterservice.eu\/index.php?rest_route=\/wp\/v2\/types\/page"}],"author":[{"embeddable":true,"href":"https:\/\/holterservice.eu\/index.php?rest_route=\/wp\/v2\/users\/1"}],"replies":[{"embeddable":true,"href":"https:\/\/holterservice.eu\/index.php?rest_route=%2Fwp%2Fv2%2Fcomments&post=3"}],"version-history":[{"count":3,"href":"https:\/\/holterservice.eu\/index.php?rest_route=\/wp\/v2\/pages\/3\/revisions"}],"predecessor-version":[{"id":370,"href":"https:\/\/holterservice.eu\/index.php?rest_route=\/wp\/v2\/pages\/3\/revisions\/370"}],"wp:attachment":[{"href":"https:\/\/holterservice.eu\/index.php?rest_route=%2Fwp%2Fv2%2Fmedia&parent=3"}],"curies":[{"name":"wp","href":"https:\/\/api.w.org\/{rel}","templated":true}]}}