{"id":212,"date":"2024-05-15T18:48:21","date_gmt":"2024-05-15T16:48:21","guid":{"rendered":"https:\/\/holterservice.eu\/?page_id=212"},"modified":"2024-05-15T19:43:24","modified_gmt":"2024-05-15T17:43:24","slug":"o-projektu","status":"publish","type":"page","link":"https:\/\/holterservice.eu\/?page_id=212","title":{"rendered":"O Projektu"},"content":{"rendered":"\n    \n    <section class=\"u-clearfix u-palette-1-light-3 u-section-2\" id=\"sec-7999\" data-href=\"#\">\n      <div class=\"u-clearfix u-sheet u-sheet-1\">\n        <p class=\"u-text u-text-1\">\n          <span style=\"font-weight: 700;\">Naziv projekta:<\/span>&nbsp;<br>\"Holterservice - Inovativna digitalna\nplatforma za rano otkrivanje kardiovaskularnih bolesti\"\n        <\/p>\n        <p class=\"u-align-left u-text u-text-2\">\n          <span style=\"font-weight: 700;\">Kratki opis projekta:<\/span> Projektom se Prijavitelj projekta Poliklinika Dr.Obad priprema za tr\u017ei\u0161nu\nkomercijalizaciju novih usluga \u201eHolterservice \u2013 telemedicinska dijagnostika rada srca i dijagnostika\nkrvnog tlaka\". Kako bi se inovativne usluge uspje\u0161no pru\u017eile na tr\u017ei\u0161tu, dru\u0161tvo \u0107e tijekom provedbe\nprojekta inovirati organizaciju poslovanja te procese u poslovanju. Nadalje, projektom se planira\nnabaviti materijalna i nematerijalna imovina koja slu\u017ei za ja\u010danje inovativnog kapaciteta i uvo\u0111enja\nnovog procesa u poslovanje, a s ciljem spremnosti za komercijalizaciju nove usluge.\n        <\/p>\n        <p class=\"u-text u-text-3\">\n          <span style=\"font-weight: 700;\">Ciljevi i o\u010dekivani rezultati projekta:<\/span> Projektom se stvara potpuno novi proces za Polikliniku - proces\npru\u017eanja telemedicinskih usluga u podru\u010dju kardiologije, \u0161to je ujedno i temeljni iskorak u procesu digitalne transformacije Poliklinike. Oprema koja se nabavlja\nomogu\u0107it \u0107e zna\u010dajne promjene u smislu implementacije i autimatiziranja ovog inovativnog procesa.\n        <\/p>\n        <p class=\"u-text u-text-default u-text-4\">\n          <span style=\"font-weight: 700;\"> Naziv korisnika:<\/span> Poliklinika dr.Obad <br>\n          <span style=\"font-weight: 700;\">Ukupna vrijednost projekta:<\/span> 933.155,18 eur <br>\n          <span style=\"font-weight: 700;\">EU sufinanciranje projekta:<\/span> 291.877,05 eur <br>\n          <span style=\"font-weight: 700;\">Razdoblje provedbe projekta:<\/span> 16.01.2023.-16.01.2025.\n        <\/p>\n        <p class=\"u-text u-text-default u-text-5\">Za vi\u0161e informacija o Nacionalnom planu oporavka i otpornosti posjetit\u200be: <span style=\"font-weight: 700;\">https:\/\/fondovieu.gov.hr\/<\/span>\n        <\/p>\n        <p class=\"u-align-center u-text u-text-default u-text-6\">Projekt je sufinanciran iz Mehanizma za oporavak i otpornost.&nbsp;<br>Sadr\u017eaj objavljenog materijala isklju\u010diva je odgovornost Poliklinike dr. Obad.\n        <\/p>\n      <\/div>\n    <\/section>\n    \n    \n    \n    \n  \n","protected":false},"excerpt":{"rendered":"<p>Naziv projekta:&nbsp;&#8220;Holterservice &#8211; Inovativna digitalna platforma za rano otkrivanje kardiovaskularnih bolesti&#8221; Kratki opis projekta: Projektom se Prijavitelj projekta Poliklinika Dr.Obad priprema za tr\u017ei\u0161nu komercijalizaciju novih usluga \u201eHolterservice \u2013 telemedicinska dijagnostika rada srca i dijagnostika krvnog tlaka&#8221;. Kako bi se inovativne usluge uspje\u0161no pru\u017eile na tr\u017ei\u0161tu, dru\u0161tvo \u0107e tijekom provedbe projekta inovirati organizaciju poslovanja te procese &hellip; <a href=\"https:\/\/holterservice.eu\/?page_id=212\" class=\"more-link\">Continue reading<span class=\"screen-reader-text\"> &#8220;O Projektu&#8221;<\/span><\/a><\/p>\n","protected":false},"author":1,"featured_media":0,"parent":21,"menu_order":0,"comment_status":"closed","ping_status":"closed","template":"","meta":{"footnotes":""},"class_list":["post-212","page","type-page","status-publish","hentry"],"_links":{"self":[{"href":"https:\/\/holterservice.eu\/index.php?rest_route=\/wp\/v2\/pages\/212","targetHints":{"allow":["GET"]}}],"collection":[{"href":"https:\/\/holterservice.eu\/index.php?rest_route=\/wp\/v2\/pages"}],"about":[{"href":"https:\/\/holterservice.eu\/index.php?rest_route=\/wp\/v2\/types\/page"}],"author":[{"embeddable":true,"href":"https:\/\/holterservice.eu\/index.php?rest_route=\/wp\/v2\/users\/1"}],"replies":[{"embeddable":true,"href":"https:\/\/holterservice.eu\/index.php?rest_route=%2Fwp%2Fv2%2Fcomments&post=212"}],"version-history":[{"count":6,"href":"https:\/\/holterservice.eu\/index.php?rest_route=\/wp\/v2\/pages\/212\/revisions"}],"predecessor-version":[{"id":286,"href":"https:\/\/holterservice.eu\/index.php?rest_route=\/wp\/v2\/pages\/212\/revisions\/286"}],"up":[{"embeddable":true,"href":"https:\/\/holterservice.eu\/index.php?rest_route=\/wp\/v2\/pages\/21"}],"wp:attachment":[{"href":"https:\/\/holterservice.eu\/index.php?rest_route=%2Fwp%2Fv2%2Fmedia&parent=212"}],"curies":[{"name":"wp","href":"https:\/\/api.w.org\/{rel}","templated":true}]}}